{"id":624,"date":"2025-02-25T03:17:36","date_gmt":"2025-02-25T02:17:36","guid":{"rendered":"https:\/\/lalka.spa\/?post_type=product&#038;p=624"},"modified":"2025-02-25T03:20:29","modified_gmt":"2025-02-25T02:20:29","slug":"joanna-czech-the-cleansing-wipes","status":"publish","type":"product","link":"https:\/\/lalka.spa\/index.php\/product\/joanna-czech-the-cleansing-wipes\/","title":{"rendered":"Joanna Czech The Cleansing Wipes"},"content":{"rendered":"<h3>Kluczowe sk\u0142adniki<\/h3>\n<p>Nawil\u017caj\u0105ce &#8211; hialuronian sodu, cynk PCA i gliceryna.<\/p>\n<p>Od\u015bwie\u017caj\u0105ce &#8211; przeciwzapalne i koj\u0105ce dzia\u0142anie wody kwiatowej Centaurea Cyanus i wody kwiatowej Anthemis Nobilis.<\/p>\n<p>Oczyszczaj\u0105ce &#8211; ekstrakt z Echinacea Purpurea i olejek z li\u015bci Rosmarinus Officinalis (rozmaryn).<\/p>\n<h3>Jak stosowa\u0107?<\/h3>\n<p>U\u017cyj chusteczki do delikatnego usuni\u0119cia makija\u017cu z twarzy, oczu, szyi i dekoltu lub do od\u015bwie\u017cenia sk\u00f3ry np. w podr\u00f3\u017cy. Po ka\u017cdym u\u017cyciu zamknij opakowanie, aby chusteczki by\u0142y wilgotne. Mo\u017ce by\u0107 stosowany na twarz i cia\u0142o.<\/p>\n<p>INCI: Aqua\/Water\/Eau, Peg-7 Glyceryl Cocoate, Propanediol, Pentylene Glycol, Peg-20 Glyceryl Triisostearate, Centaurea Cyanus Flower Water, Anthemis Nobilis Flower Water, Glycerin, Caprylhydroxamic Acid, Sodium Citrate, Rosmarinus Officinalis (Rosemary) Leaf Oil, Citric Acid, Zinc PCA, Lactic Acid, Potassium Sorbate, Sodium Benzoate, Sodium Hyaluronate, Echinacea Purpurea Extract, Xanthan Gum, Rhamnose, Glucose, Glucuronic Acid.<\/p>\n<p>Wyprodukowano we Japonii. Produkt wega\u0144ski.<\/p>\n","protected":false},"excerpt":{"rendered":"<p>1 x 10 szt. \/ opakowanie<\/p>\n<div class=\"layoutArea\">\n<div class=\"column\">\n<div class=\"page\" title=\"Page 3\">\n<div class=\"layoutArea\">\n<div class=\"column\">Chusteczki oczyszczaj\u0105ce i od\u015bwie\u017caj\u0105ce.<\/div>\n<p>&nbsp;<\/p>\n<h3>Dzia\u0142anie<\/h3>\n<p>&nbsp;<\/p>\n<\/div>\n<\/div>\n<\/div>\n<\/div>\n<div class=\"page\" title=\"Page 3\">\n<div class=\"layoutArea\">\n<div class=\"column\">\n<div class=\"page\" title=\"Page 3\">\n<div class=\"layoutArea\">\n<p class=\"column\">Delikatne i wygodne w u\u017cyciu THE CLEANSING WIPES od\u015bwie\u017caj\u0105, nawil\u017caj\u0105 i usuwaj\u0105 makija\u017c, bakterie i zanieczyszczenia \u015brodowiska.<\/p>\n<\/div>\n<\/div>\n<\/div>\n<\/div>\n<\/div>\n","protected":false},"featured_media":663,"template":"","meta":[],"product_brand":[],"product_cat":[19],"product_tag":[29],"class_list":{"0":"post-624","1":"product","2":"type-product","3":"status-publish","4":"has-post-thumbnail","6":"product_cat-demakijaz","7":"product_tag-joanna-czech","9":"first","10":"instock","11":"shipping-taxable","12":"purchasable","13":"product-type-simple"},"_links":{"self":[{"href":"https:\/\/lalka.spa\/index.php\/wp-json\/wp\/v2\/product\/624","targetHints":{"allow":["GET"]}}],"collection":[{"href":"https:\/\/lalka.spa\/index.php\/wp-json\/wp\/v2\/product"}],"about":[{"href":"https:\/\/lalka.spa\/index.php\/wp-json\/wp\/v2\/types\/product"}],"wp:featuredmedia":[{"embeddable":true,"href":"https:\/\/lalka.spa\/index.php\/wp-json\/wp\/v2\/media\/663"}],"wp:attachment":[{"href":"https:\/\/lalka.spa\/index.php\/wp-json\/wp\/v2\/media?parent=624"}],"wp:term":[{"taxonomy":"product_brand","embeddable":true,"href":"https:\/\/lalka.spa\/index.php\/wp-json\/wp\/v2\/product_brand?post=624"},{"taxonomy":"product_cat","embeddable":true,"href":"https:\/\/lalka.spa\/index.php\/wp-json\/wp\/v2\/product_cat?post=624"},{"taxonomy":"product_tag","embeddable":true,"href":"https:\/\/lalka.spa\/index.php\/wp-json\/wp\/v2\/product_tag?post=624"}],"curies":[{"name":"wp","href":"https:\/\/api.w.org\/{rel}","templated":true}]}}