{"id":609,"date":"2025-02-25T03:17:11","date_gmt":"2025-02-25T02:17:11","guid":{"rendered":"https:\/\/lalka.spa\/?post_type=product&#038;p=609"},"modified":"2025-02-25T03:19:24","modified_gmt":"2025-02-25T02:19:24","slug":"creme-msr-h-corps","status":"publish","type":"product","link":"https:\/\/lalka.spa\/index.php\/product\/creme-msr-h-corps\/","title":{"rendered":"Creme MSR-H Corps"},"content":{"rendered":"<h3>Sk\u0142adniki aktywne<\/h3>\n<p><strong>nawil\u017caj\u0105ce i wyg\u0142adzaj\u0105ce:<\/strong> olej s\u0142onecznikowy, skwalan, gliceryna, olej z malin, mas\u0142o shea, ksylitol, wosk pszczeli, colostrum, kwas hialuronowy<\/p>\n<p><strong>odm\u0142adzaj\u0105ce:<\/strong> wyci\u0105g z pochrzynu, wyci\u0105g z mimozy, fitohormony z soi, wyci\u0105g z w\u0105krotki azjatyckiej, wyci\u0105g z opuncji figowej<\/p>\n<p><strong>dotleniaj\u0105ce:<\/strong> perfluorodekalina<\/p>\n<p>&nbsp;<\/p>\n<h3>Jak stosowa\u0107?<\/h3>\n<div class=\"page\" title=\"Page 6\">\n<div class=\"layoutArea\">\n<div class=\"column\">\n<div class=\"page\" title=\"Page 7\">\n<div class=\"layoutArea\">\n<p class=\"para-text font-weight-regular\">Na\u0142\u00f3\u017c rano i\/lub wieczorem na ca\u0142e cia\u0142o, wykonuj\u0105c delikatne ruchy masuj\u0105ce w g\u00f3r\u0119 a\u017c produkt ca\u0142kowicie si\u0119 wch\u0142onie.\u00a0Dla najlepszych rezultat\u00f3w aplikuj przy u\u017cyciu r\u0119kawicy Gant de Massage.<\/p>\n<\/div>\n<\/div>\n<\/div>\n<\/div>\n<\/div>\n","protected":false},"excerpt":{"rendered":"<p>200 ml<\/p>\n<div class=\"page\" title=\"Page 3\">\n<div class=\"layoutArea\">\n<div class=\"column\">\n<div class=\"page\" title=\"Page 3\">\n<div class=\"layoutArea\">\n<div class=\"column\">\n<p class=\"heading-small mb-0\">Intensywny krem odm\u0142adzaj\u0105cy do cia\u0142a.<\/p>\n<\/div>\n<\/div>\n<\/div>\n<\/div>\n<\/div>\n<\/div>\n<h3><\/h3>\n<h3>Dzia\u0142anie<\/h3>\n<div class=\"page\" title=\"Page 3\">\n<div class=\"layoutArea\">\n<div class=\"column\">\n<div class=\"page\" title=\"Page 3\">\n<div class=\"layoutArea\">\n<div class=\"column\">\n<p class=\"para-text-bold\">Creme MSR-H Corps to intensywny krem, kt\u00f3rego formu\u0142a zosta\u0142a stworzona z uwzgl\u0119dnieniem zmian zachodz\u0105cych w sk\u00f3rze podczas okresu menopauzy. Ma silne dzia\u0142anie od\u017cywcze i przeciwstarzeniowe. Poprawia g\u0119sto\u015b\u0107 sk\u00f3ry, przywraca jej r\u00f3wnowag\u0119, uelastycznia oraz uj\u0119drnia.\u00a0Pomaga zmniejszy\u0107 oznaki menopauzy widoczne na sk\u00f3rze.\u00a0Bogaty w sk\u0142adniki relipiduj\u0105ce i nawil\u017caj\u0105ce, przywraca sk\u00f3rze komfort i mi\u0119kko\u015b\u0107.<\/p>\n<\/div>\n<\/div>\n<\/div>\n<\/div>\n<\/div>\n<\/div>\n","protected":false},"featured_media":652,"template":"","meta":[],"product_brand":[],"product_cat":[28],"product_tag":[],"class_list":{"0":"post-609","1":"product","2":"type-product","3":"status-publish","4":"has-post-thumbnail","6":"product_cat-cialo","8":"first","9":"onbackorder","10":"shipping-taxable","11":"purchasable","12":"product-type-simple"},"_links":{"self":[{"href":"https:\/\/lalka.spa\/index.php\/wp-json\/wp\/v2\/product\/609","targetHints":{"allow":["GET"]}}],"collection":[{"href":"https:\/\/lalka.spa\/index.php\/wp-json\/wp\/v2\/product"}],"about":[{"href":"https:\/\/lalka.spa\/index.php\/wp-json\/wp\/v2\/types\/product"}],"wp:featuredmedia":[{"embeddable":true,"href":"https:\/\/lalka.spa\/index.php\/wp-json\/wp\/v2\/media\/652"}],"wp:attachment":[{"href":"https:\/\/lalka.spa\/index.php\/wp-json\/wp\/v2\/media?parent=609"}],"wp:term":[{"taxonomy":"product_brand","embeddable":true,"href":"https:\/\/lalka.spa\/index.php\/wp-json\/wp\/v2\/product_brand?post=609"},{"taxonomy":"product_cat","embeddable":true,"href":"https:\/\/lalka.spa\/index.php\/wp-json\/wp\/v2\/product_cat?post=609"},{"taxonomy":"product_tag","embeddable":true,"href":"https:\/\/lalka.spa\/index.php\/wp-json\/wp\/v2\/product_tag?post=609"}],"curies":[{"name":"wp","href":"https:\/\/api.w.org\/{rel}","templated":true}]}}