{"id":600,"date":"2025-02-25T03:16:48","date_gmt":"2025-02-25T02:16:48","guid":{"rendered":"https:\/\/lalka.spa\/?post_type=product&#038;p=600"},"modified":"2025-02-25T03:19:03","modified_gmt":"2025-02-25T02:19:03","slug":"gommage-p50-corps","status":"publish","type":"product","link":"https:\/\/lalka.spa\/index.php\/product\/gommage-p50-corps\/","title":{"rendered":"Gommage P50 Corps"},"content":{"rendered":"<h3>Sk\u0142adniki aktywne<\/h3>\n<p><strong>nawil\u017caj\u0105ce i wyg\u0142adzaj\u0105ce:<\/strong> olej arganowy, glukonolakton, gliceryna, wyci\u0105g z galaretki kr\u00f3lewskiej, olej bawe\u0142niany, hydrolizowany jedwab, hydrolizowane proteiny ro\u015blinne, kwas hialuronowy, pektyna, wyci\u0105g z cebuli<\/p>\n<p><strong>z\u0142uszczaj\u0105ce:<\/strong> kwas mlekowy, kwas jab\u0142kowy, kwas salicylowy, kwas glikolowy, sproszkowane \u0142upiny orzecha w\u0142oskiego, wyci\u0105g z klonu cukrowego<\/p>\n<p><strong>rozja\u015bniaj\u0105ce i \u015bci\u0105gaj\u0105ce:<\/strong> wyci\u0105g z cytryny, kwas askorbinowy, wyci\u0105g z papryki, kwas cytrynowy, wyci\u0105g z pomara\u0144czy<\/p>\n<p><strong>oczyszczaj\u0105ce i reguluj\u0105ce:<\/strong> wit. B3, wyci\u0105g z pokrzywy, wyci\u0105g z \u0142opianu, wyci\u0105g ze skrzypu, olejek cyprysowy, wyci\u0105g z li\u015bci szczawiu<\/p>\n<p><strong>przeciwzapalne i poprawiaj\u0105ce gojenie:<\/strong> wyci\u0105g z owoc\u00f3w jagody, wyci\u0105g z tymianku<\/p>\n<p>&nbsp;<\/p>\n<h3>Jak stosowa\u0107?<\/h3>\n<div class=\"page\" title=\"Page 6\">\n<div class=\"layoutArea\">\n<div class=\"column\">\n<div class=\"page\" title=\"Page 7\">\n<div class=\"layoutArea\">\n<p class=\"para-text font-weight-regular\">1. Nak\u0142adaj na such\u0105 sk\u00f3r\u0119<\/p>\n<p class=\"para-text font-weight-regular\">2. Stosuj wyg\u0142adzaj\u0105ce ruchy ze szczeg\u00f3lnym uwzgl\u0119dnieniem najbardziej zrogowacia\u0142ych miejsc (pi\u0119ty, kolana, \u0142okcie)<\/p>\n<p class=\"para-text font-weight-regular\">3. Sp\u0142ucz pod prysznicem, na koniec stosuj\u0105c strumie\u0144 zimnej wody<\/p>\n<\/div>\n<p>Stosuj raz w tygodniu.<\/p>\n<div class=\"column\">\n<h3 class=\"text-brown text-uppercase text-spacing font-bold mt-4\">\u015arodki ostro\u017cno\u015bci<\/h3>\n<p class=\"para-text font-weight-regular\">Unikaj kontaktu z oczami i b\u0142onami \u015bluzowymi. Unikaj ekspozycji na s\u0142o\u0144ce bezpo\u015brednio po zastosowaniu produktu. Nie stosowa\u0107 u dzieci. Nie nale\u017cy stosowa\u0107 na sk\u00f3r\u0119 szczeg\u00f3lnie wra\u017cliw\u0105, uszkodzon\u0105 lub podra\u017cnion\u0105. Wy\u0142\u0105cznie do u\u017cytku zewn\u0119trznego.<\/p>\n<\/div>\n<\/div>\n<\/div>\n<\/div>\n<\/div>\n","protected":false},"excerpt":{"rendered":"<p>200 ml<\/p>\n<div class=\"page\" title=\"Page 3\">\n<div class=\"layoutArea\">\n<div class=\"column\">\n<div class=\"page\" title=\"Page 3\">\n<div class=\"layoutArea\">\n<div class=\"column\">\n<p>Z\u0142uszczaj\u0105cy \u017cel P50 do cia\u0142a.<\/p>\n<p>&nbsp;<\/p>\n<\/div>\n<\/div>\n<\/div>\n<\/div>\n<\/div>\n<\/div>\n<h3>Dzia\u0142anie<\/h3>\n<div class=\"page\" title=\"Page 3\">\n<div class=\"layoutArea\">\n<div class=\"column\">\n<div class=\"page\" title=\"Page 3\">\n<div class=\"layoutArea\">\n<div class=\"column\">\n<p>Gommage P50 Corps zapewnia intensywne chemiczne i mechaniczne z\u0142uszczanie w miejscach, gdzie sk\u00f3ra jest najgrubsza i najbardziej szorstka, stymuluj\u0105c odnow\u0119 kom\u00f3rkow\u0105. Idealny do piel\u0119gnacji sk\u00f3ry po zako\u0144czeniu lata i przed rozpocz\u0119ciem kuracji odchudzaj\u0105cej.<\/p>\n<\/div>\n<\/div>\n<\/div>\n<\/div>\n<\/div>\n<\/div>\n","protected":false},"featured_media":648,"template":"","meta":[],"product_brand":[],"product_cat":[28],"product_tag":[],"class_list":{"0":"post-600","1":"product","2":"type-product","3":"status-publish","4":"has-post-thumbnail","6":"product_cat-cialo","8":"first","9":"onbackorder","10":"shipping-taxable","11":"purchasable","12":"product-type-simple"},"_links":{"self":[{"href":"https:\/\/lalka.spa\/index.php\/wp-json\/wp\/v2\/product\/600","targetHints":{"allow":["GET"]}}],"collection":[{"href":"https:\/\/lalka.spa\/index.php\/wp-json\/wp\/v2\/product"}],"about":[{"href":"https:\/\/lalka.spa\/index.php\/wp-json\/wp\/v2\/types\/product"}],"wp:featuredmedia":[{"embeddable":true,"href":"https:\/\/lalka.spa\/index.php\/wp-json\/wp\/v2\/media\/648"}],"wp:attachment":[{"href":"https:\/\/lalka.spa\/index.php\/wp-json\/wp\/v2\/media?parent=600"}],"wp:term":[{"taxonomy":"product_brand","embeddable":true,"href":"https:\/\/lalka.spa\/index.php\/wp-json\/wp\/v2\/product_brand?post=600"},{"taxonomy":"product_cat","embeddable":true,"href":"https:\/\/lalka.spa\/index.php\/wp-json\/wp\/v2\/product_cat?post=600"},{"taxonomy":"product_tag","embeddable":true,"href":"https:\/\/lalka.spa\/index.php\/wp-json\/wp\/v2\/product_tag?post=600"}],"curies":[{"name":"wp","href":"https:\/\/api.w.org\/{rel}","templated":true}]}}