{"id":589,"date":"2025-02-25T03:16:23","date_gmt":"2025-02-25T02:16:23","guid":{"rendered":"https:\/\/lalka.spa\/?post_type=product&#038;p=589"},"modified":"2025-02-25T03:18:39","modified_gmt":"2025-02-25T02:18:39","slug":"serum-colostrum-vg-8ml","status":"publish","type":"product","link":"https:\/\/lalka.spa\/index.php\/product\/serum-colostrum-vg-8ml\/","title":{"rendered":"Serum Colostrum VG 8ml"},"content":{"rendered":"<h3>Sk\u0142adniki aktywne<\/h3>\n<h5>nawil\u017caj\u0105ce<\/h5>\n<ul>\n<li>wyci\u0105g z babki wodnej<\/li>\n<\/ul>\n<h5>relipiduj\u0105ce<\/h5>\n<ul>\n<li>\n<div class=\"page\" title=\"Page 4\">\n<div class=\"layoutArea\">\n<div class=\"column\">\n<p>olej z trukwy<\/p>\n<\/div>\n<\/div>\n<\/div>\n<\/li>\n<\/ul>\n<h3>Jak stosowa\u0107?<\/h3>\n<div class=\"page\" title=\"Page 6\">\n<div class=\"layoutArea\">\n<div class=\"column\">\n<p>Na\u0142\u00f3\u017c 1 ml Colostrum VG na oczyszczon\u0105 sk\u00f3r\u0119 ca\u0142ej twarzy, szyi i dekoltu. Wmasuj delikatnymi ruchami ku g\u00f3rze, a\u017c do ca\u0142kowitego wch\u0142oni\u0119cia produktu.<\/p>\n<\/div>\n<\/div>\n<\/div>\n","protected":false},"excerpt":{"rendered":"<p>Pojemno\u015b\u0107 &#8211; 8 ml<\/p>\n<div class=\"page\" title=\"Page 3\">\n<div class=\"layoutArea\">\n<div class=\"column\">\n<p>Serum nawil\u017caj\u0105ce i od\u017cywcze, poziom nawil\u017cenia +++<\/p>\n<\/div>\n<\/div>\n<\/div>\n<h3>Dzia\u0142anie<\/h3>\n<div class=\"page\" title=\"Page 3\">\n<div class=\"layoutArea\">\n<div class=\"column\">\n<p>Colostrum VG zapewnia intensywn\u0105 piel\u0119gnacj\u0119 uzupe\u0142niaj\u0105c\u0105 niedobory lipid\u00f3w. Chroni sk\u00f3r\u0119 przed nawracaj\u0105c\u0105 sucho\u015bci\u0105. Jego formu\u0142a dostarcza zar\u00f3wno wody, jak i lipid\u00f3w niezb\u0119dnych do przywr\u00f3cenia optymalnego poziomu nawil\u017cenia oraz odbudowy zniszczonego ochronnego p\u0142aszcza lipidowego.<\/p>\n<\/div>\n<\/div>\n<\/div>\n","protected":false},"featured_media":643,"template":"","meta":[],"product_brand":[],"product_cat":[20],"product_tag":[],"class_list":{"0":"post-589","1":"product","2":"type-product","3":"status-publish","4":"has-post-thumbnail","6":"product_cat-serum","8":"first","9":"outofstock","10":"shipping-taxable","11":"purchasable","12":"product-type-simple"},"_links":{"self":[{"href":"https:\/\/lalka.spa\/index.php\/wp-json\/wp\/v2\/product\/589","targetHints":{"allow":["GET"]}}],"collection":[{"href":"https:\/\/lalka.spa\/index.php\/wp-json\/wp\/v2\/product"}],"about":[{"href":"https:\/\/lalka.spa\/index.php\/wp-json\/wp\/v2\/types\/product"}],"wp:featuredmedia":[{"embeddable":true,"href":"https:\/\/lalka.spa\/index.php\/wp-json\/wp\/v2\/media\/643"}],"wp:attachment":[{"href":"https:\/\/lalka.spa\/index.php\/wp-json\/wp\/v2\/media?parent=589"}],"wp:term":[{"taxonomy":"product_brand","embeddable":true,"href":"https:\/\/lalka.spa\/index.php\/wp-json\/wp\/v2\/product_brand?post=589"},{"taxonomy":"product_cat","embeddable":true,"href":"https:\/\/lalka.spa\/index.php\/wp-json\/wp\/v2\/product_cat?post=589"},{"taxonomy":"product_tag","embeddable":true,"href":"https:\/\/lalka.spa\/index.php\/wp-json\/wp\/v2\/product_tag?post=589"}],"curies":[{"name":"wp","href":"https:\/\/api.w.org\/{rel}","templated":true}]}}