{"id":563,"date":"2025-02-25T03:15:33","date_gmt":"2025-02-25T02:15:33","guid":{"rendered":"https:\/\/lalka.spa\/?post_type=product&#038;p=563"},"modified":"2025-02-25T03:17:26","modified_gmt":"2025-02-25T02:17:26","slug":"emulsion-gel-biosensible-s-r","status":"publish","type":"product","link":"https:\/\/lalka.spa\/index.php\/product\/emulsion-gel-biosensible-s-r\/","title":{"rendered":"Emulsion Gel Biosensible S.R."},"content":{"rendered":"<h3>Sk\u0142adniki aktywne<\/h3>\n<h5>koj\u0105ce i ochronne<\/h5>\n<ul>\n<li>kompleks aminokwas\u00f3w, polisacharydy bogate w ramnoz\u0119, ekstrakt z bia\u0142ej herbaty<\/li>\n<\/ul>\n<h5>seboreguluj\u0105ce<\/h5>\n<ul>\n<li>ekstrakt z li\u015bci herbaty Java, kompleks wyci\u0105gu z \u017c\u00f3\u0142tego Moambe i kwasu oleanowego<\/li>\n<\/ul>\n<h5>wyg\u0142adzaj\u0105ce i zw\u0119\u017caj\u0105ce pory<\/h5>\n<ul>\n<li>wyci\u0105g z czarnego bzu, kasztanowca i li\u015bci myrobalanu, egzopolisacharydy morskie<\/li>\n<\/ul>\n<h5>nawil\u017caj\u0105ce<\/h5>\n<ul>\n<li>kompleks kwasu hialuronowego i ryzobium oraz polisacharydy bogate w fukoz\u0119<\/li>\n<\/ul>\n<h3>Jak stosowa\u0107?<\/h3>\n<p>Twarz, szyja i dekolt dwa razy dziennie.\u00a0Po zastosowaniu odpowiedniego dla Twojej sk\u00f3ry Lotionu z serii P50 niewielk\u0105 ilo\u015b\u0107 kremu na\u0142\u00f3\u017c na sk\u00f3r\u0119 ruchami od do\u0142u do g\u00f3ry.<\/p>\n","protected":false},"excerpt":{"rendered":"<p>Pojemno\u015b\u0107 &#8211; 50ml<\/p>\n<p>Emulsion Gel Biosensible S.R. to emulsja odwra\u017cliwiaj\u0105ca do sk\u00f3ry t\u0142ustej.<\/p>\n<h3>Dzia\u0142anie<\/h3>\n<p>Seboreguluj\u0105ca emulsja do sk\u00f3ry wra\u017cliwej, \u0142agodzi i wycisza podra\u017cnienia, zmniejsza wydzielanie sebum, zw\u0119\u017ca pory oraz g\u0142\u0119boko nawil\u017ca.<\/p>\n","protected":false},"featured_media":616,"template":"","meta":[],"product_brand":[],"product_cat":[23],"product_tag":[],"class_list":{"0":"post-563","1":"product","2":"type-product","3":"status-publish","4":"has-post-thumbnail","6":"product_cat-krem","8":"first","9":"onbackorder","10":"shipping-taxable","11":"purchasable","12":"product-type-simple"},"_links":{"self":[{"href":"https:\/\/lalka.spa\/index.php\/wp-json\/wp\/v2\/product\/563","targetHints":{"allow":["GET"]}}],"collection":[{"href":"https:\/\/lalka.spa\/index.php\/wp-json\/wp\/v2\/product"}],"about":[{"href":"https:\/\/lalka.spa\/index.php\/wp-json\/wp\/v2\/types\/product"}],"wp:featuredmedia":[{"embeddable":true,"href":"https:\/\/lalka.spa\/index.php\/wp-json\/wp\/v2\/media\/616"}],"wp:attachment":[{"href":"https:\/\/lalka.spa\/index.php\/wp-json\/wp\/v2\/media?parent=563"}],"wp:term":[{"taxonomy":"product_brand","embeddable":true,"href":"https:\/\/lalka.spa\/index.php\/wp-json\/wp\/v2\/product_brand?post=563"},{"taxonomy":"product_cat","embeddable":true,"href":"https:\/\/lalka.spa\/index.php\/wp-json\/wp\/v2\/product_cat?post=563"},{"taxonomy":"product_tag","embeddable":true,"href":"https:\/\/lalka.spa\/index.php\/wp-json\/wp\/v2\/product_tag?post=563"}],"curies":[{"name":"wp","href":"https:\/\/api.w.org\/{rel}","templated":true}]}}