{"id":552,"date":"2025-02-25T03:15:10","date_gmt":"2025-02-25T02:15:10","guid":{"rendered":"https:\/\/lalka.spa\/?post_type=product&#038;p=552"},"modified":"2025-02-25T03:17:06","modified_gmt":"2025-02-25T02:17:06","slug":"creme-dermopurifiante","status":"publish","type":"product","link":"https:\/\/lalka.spa\/index.php\/product\/creme-dermopurifiante\/","title":{"rendered":"Creme Dermopurifiante"},"content":{"rendered":"<h3>Sk\u0142adniki aktywne<\/h3>\n<h5>mikroz\u0142uszczaj\u0105ce<\/h5>\n<ul>\n<li>wyci\u0105g z wi\u0105z\u00f3wki b\u0142otnej, AHA<\/li>\n<\/ul>\n<h5>oczyszczaj\u0105ce<\/h5>\n<ul>\n<li>wyci\u0105g z tymianku, Kompleks Ro\u015blinny BR (wyci\u0105g z morszczynu p\u0119cherzykowatego, brzozy, bluszczu i skrzypu), wyci\u0105g z dro\u017cd\u017cy<\/li>\n<\/ul>\n<h5>seboreguluj\u0105ce<\/h5>\n<ul>\n<li>witamina B3, wyci\u0105g z \u0142opianu,\u00a0\u00a0Kompleks wyci\u0105gu z kory afryka\u0144skiego drzewa Enantia chlorantha i kwasu oleanowego<\/li>\n<\/ul>\n<h5>obkurczaj\u0105ce pory<\/h5>\n<ul>\n<li>wyci\u0105g z oczaru, wyci\u0105g z dziurawca zwyczajnego, wyci\u0105g z krwawnika, wyci\u0105g z kasztanowca, wyci\u0105g z mimozy<\/li>\n<\/ul>\n<h5>przeciwzapalne<\/h5>\n<ul>\n<li>wyci\u0105g z arniki, wyci\u0105g z w\u0105krotki azjatyckiej, wyci\u0105g z og\u00f3rka<\/li>\n<\/ul>\n<h5>nawil\u017caj\u0105ce i regeneruj\u0105ce<\/h5>\n<ul>\n<li>witamina C, wyci\u0105g z lawendy, kwas hialuronowy, jedwab<\/li>\n<\/ul>\n<h3>Jak stosowa\u0107?<\/h3>\n<p>Twarz, szyja i dekolt dwa razy dziennie.<br \/>\nNiewielk\u0105 ilo\u015b\u0107 kremu na\u0142\u00f3\u017c na sk\u00f3r\u0119 ruchami od do\u0142u do g\u00f3ry.<\/p>\n","protected":false},"excerpt":{"rendered":"<p>Pojemno\u015b\u0107 &#8211; 50ml<\/p>\n<p>Creme Dermopurifiante to krem oczyszczaj\u0105cy do sk\u00f3ry tr\u0105dzikowej i z tr\u0105dzikiem r\u00f3\u017cowatym zmniejsza zaczerwienienie, przyspiesza gojenie.<\/p>\n<h3>Dzia\u0142anie<\/h3>\n<p>Krem do cery tr\u0105dzikowej o wielokierunkowym dzia\u0142aniu: wspomaga oczyszczanie sk\u00f3ry i przyspiesza jej gojenie, dzia\u0142a przeciwbakteryjnie i reguluje wydzielanie sebum, a tak\u017ce wzmacnia naczynka oraz zmniejsza obrz\u0119ki i zaczerwienienie, poprawiaj\u0105c wygl\u0105d sk\u00f3ry z tr\u0105dzikiem pospolitym i tr\u0105dzikiem r\u00f3\u017cowatym.\u00a0Zawiera tak\u017ce niepowoduj\u0105ce powstawania zmian tr\u0105dzikowych sk\u0142adniki anti-aging oraz nawil\u017caj\u0105ce, dzi\u0119ki czemu zapewnia kompletn\u0105 piel\u0119gnacj\u0119 m\u0142odej sk\u00f3ry.<\/p>\n","protected":false},"featured_media":606,"template":"","meta":[],"product_brand":[],"product_cat":[23],"product_tag":[],"class_list":{"0":"post-552","1":"product","2":"type-product","3":"status-publish","4":"has-post-thumbnail","6":"product_cat-krem","8":"first","9":"outofstock","10":"shipping-taxable","11":"purchasable","12":"product-type-simple"},"_links":{"self":[{"href":"https:\/\/lalka.spa\/index.php\/wp-json\/wp\/v2\/product\/552","targetHints":{"allow":["GET"]}}],"collection":[{"href":"https:\/\/lalka.spa\/index.php\/wp-json\/wp\/v2\/product"}],"about":[{"href":"https:\/\/lalka.spa\/index.php\/wp-json\/wp\/v2\/types\/product"}],"wp:featuredmedia":[{"embeddable":true,"href":"https:\/\/lalka.spa\/index.php\/wp-json\/wp\/v2\/media\/606"}],"wp:attachment":[{"href":"https:\/\/lalka.spa\/index.php\/wp-json\/wp\/v2\/media?parent=552"}],"wp:term":[{"taxonomy":"product_brand","embeddable":true,"href":"https:\/\/lalka.spa\/index.php\/wp-json\/wp\/v2\/product_brand?post=552"},{"taxonomy":"product_cat","embeddable":true,"href":"https:\/\/lalka.spa\/index.php\/wp-json\/wp\/v2\/product_cat?post=552"},{"taxonomy":"product_tag","embeddable":true,"href":"https:\/\/lalka.spa\/index.php\/wp-json\/wp\/v2\/product_tag?post=552"}],"curies":[{"name":"wp","href":"https:\/\/api.w.org\/{rel}","templated":true}]}}