{"id":548,"date":"2025-02-25T03:15:10","date_gmt":"2025-02-25T02:15:10","guid":{"rendered":"https:\/\/lalka.spa\/?post_type=product&#038;p=548"},"modified":"2025-02-25T03:16:45","modified_gmt":"2025-02-25T02:16:45","slug":"creme-iso-placenta","status":"publish","type":"product","link":"https:\/\/lalka.spa\/index.php\/product\/creme-iso-placenta\/","title":{"rendered":"Creme Iso Placenta"},"content":{"rendered":"<h3>Sk\u0142adniki aktywne<\/h3>\n<h5>regeneruj\u0105ce<\/h5>\n<ul>\n<li>placenta biomimetyczna, olej z marakui, wyci\u0105g z w\u0105krotki azjatyckiej, witamina B3<\/li>\n<\/ul>\n<h5>rewitalizuj\u0105ce<\/h5>\n<ul>\n<li>wyci\u0105g z dro\u017cd\u017cy, kompleks ro\u015blinny Biologique Recherche, stabilna forma witaminy C<\/li>\n<\/ul>\n<p>&nbsp;<\/p>\n<h3>Jak stosowa\u0107?<\/h3>\n<p>Nak\u0142adaj rano i\/lub wieczorem na oczyszczon\u0105 sk\u00f3r\u0119 twarzy, szyi i dekoltu. Masuj delikatnie a\u017c do ca\u0142kowitej absorpcji kremu.<\/p>\n","protected":false},"excerpt":{"rendered":"<p>Pojemno\u015b\u0107 &#8211; 50ml<\/p>\n<p>Creme Iso Placenta to innowacyjny krem stymuluj\u0105cy regeneracj\u0119 sk\u00f3ry dotkni\u0119tej tr\u0105dzikiem z formu\u0142\u0105 odtwarzaj\u0105c\u0105 sk\u0142ad i w\u0142a\u015bciwo\u015bci naturalnej placenty. Redukuje blizny oraz wyr\u00f3wnuje koloryt.<\/p>\n<h3>Dzia\u0142anie<\/h3>\n<p>Intensywnie regeneruj\u0105cy produkt piel\u0119gnacyjny Cr\u00e8me Iso-Placenta dedykowany jest sk\u00f3rze ze sk\u0142onno\u015bci\u0105 do tr\u0105dziku. Stymuluje regeneracj\u0119 kom\u00f3rek, aby pom\u00f3c odbudowa\u0107 nask\u00f3rek uszkodzony przez tr\u0105dzik. Dostarcza sk\u00f3rze wszystkich potrzebnych substancji od\u017cywczych, kt\u00f3re odtwarzaj\u0105 sk\u0142ad i w\u0142a\u015bciwo\u015bci naturalnej placenty. Wraz z odbudow\u0105 bariery, sk\u00f3rze zostaje przywr\u00f3cona r\u00f3wnowaga. Blizny potr\u0105dzikowe s\u0105 zredukowane. Sk\u00f3ra jest g\u0142adsza, ukojona i zrewitalizowana. Cera staje si\u0119 ujednolicona, rozja\u015bniona oraz pe\u0142na witalno\u015bci. Krem polecany jest sk\u00f3rom ze \u015bladami po tr\u0105dziku.<\/p>\n","protected":false},"featured_media":595,"template":"","meta":[],"product_brand":[],"product_cat":[23],"product_tag":[],"class_list":{"0":"post-548","1":"product","2":"type-product","3":"status-publish","4":"has-post-thumbnail","6":"product_cat-krem","8":"first","9":"outofstock","10":"shipping-taxable","11":"purchasable","12":"product-type-simple"},"_links":{"self":[{"href":"https:\/\/lalka.spa\/index.php\/wp-json\/wp\/v2\/product\/548","targetHints":{"allow":["GET"]}}],"collection":[{"href":"https:\/\/lalka.spa\/index.php\/wp-json\/wp\/v2\/product"}],"about":[{"href":"https:\/\/lalka.spa\/index.php\/wp-json\/wp\/v2\/types\/product"}],"wp:featuredmedia":[{"embeddable":true,"href":"https:\/\/lalka.spa\/index.php\/wp-json\/wp\/v2\/media\/595"}],"wp:attachment":[{"href":"https:\/\/lalka.spa\/index.php\/wp-json\/wp\/v2\/media?parent=548"}],"wp:term":[{"taxonomy":"product_brand","embeddable":true,"href":"https:\/\/lalka.spa\/index.php\/wp-json\/wp\/v2\/product_brand?post=548"},{"taxonomy":"product_cat","embeddable":true,"href":"https:\/\/lalka.spa\/index.php\/wp-json\/wp\/v2\/product_cat?post=548"},{"taxonomy":"product_tag","embeddable":true,"href":"https:\/\/lalka.spa\/index.php\/wp-json\/wp\/v2\/product_tag?post=548"}],"curies":[{"name":"wp","href":"https:\/\/api.w.org\/{rel}","templated":true}]}}