{"id":538,"date":"2025-02-25T03:14:47","date_gmt":"2025-02-25T02:14:47","guid":{"rendered":"https:\/\/lalka.spa\/?post_type=product&#038;p=538"},"modified":"2025-02-25T03:16:34","modified_gmt":"2025-02-25T02:16:34","slug":"creme-contour-des-yeux-biosensible","status":"publish","type":"product","link":"https:\/\/lalka.spa\/index.php\/product\/creme-contour-des-yeux-biosensible\/","title":{"rendered":"Creme Contour des Yeux Biosensible"},"content":{"rendered":"<h3>Sk\u0142adniki aktywne<\/h3>\n<h5>\u0142agodz\u0105ce<\/h5>\n<ul>\n<li>polisacharydy, bia\u0142ka mlekowe, wyci\u0105g z korzenia kudzu, wyci\u0105g z wasabi<\/li>\n<\/ul>\n<h5>nawil\u017caj\u0105ce i relipiduj\u0105ce<\/h5>\n<ul>\n<li>koncentrat ceramid\u00f3w, wyci\u0105g z mi\u0105\u017cszu owoc\u00f3w baobabu, olej z czarnej porzeczki, olej figowy, olej Sacha Inchi, olej jojoba<\/li>\n<\/ul>\n<h5>redukuj\u0105ce si\u0144ce pod oczami<\/h5>\n<ul>\n<li>kompleks dotleniaj\u0105cy Biologique Recherche, wyci\u0105g z karczocha, wyci\u0105g ze skrzypu polnego, betaina, wyci\u0105g z r\u00f3\u017ce\u0144ca g\u00f3rskiego, wyci\u0105g z li\u015bci czerwonej winoro\u015bli, wyci\u0105g z granatu, wyci\u0105g z bia\u0142ej herbaty<\/li>\n<\/ul>\n<h3>Jak stosowa\u0107?<\/h3>\n<p>Okolice oczu codziennie rano.<br \/>\nDelikatnie wmasuj niewielk\u0105 ilo\u015b\u0107 kremu w okolice oczu.<\/p>\n","protected":false},"excerpt":{"rendered":"<p>Pojemno\u015b\u0107 &#8211; 15 ml<\/p>\n<p>Creme Contour des Yeux Biosensible to odwra\u017cliwiaj\u0105cy, \u0142agodz\u0105cy krem pod oczy, kt\u00f3ry redukuje cienie i sp\u0142yca zmarszczki.<\/p>\n<h3>Dzia\u0142anie<\/h3>\n<p>Hipoalergiczny krem pod oczy do sk\u00f3ry wra\u017cliwej, nadwra\u017cliwej i reaktywnej oraz suchej. Jego lekka, delikatna konsystencja pozwala na szybkie wch\u0142oni\u0119cie bez pozostawienia t\u0142ustej warstwy. Nasz krem pod oczy natychmiast \u0142agodzi przesuszon\u0105 lub podra\u017cnion\u0105 sk\u00f3r\u0119 wok\u00f3\u0142 oczu, hamuje reakcje zapalne, wspomaga funkcje obronne Twojej sk\u00f3ry, pomagaj\u0105c chroni\u0107 j\u0105 przed stresem oraz czynnikami zewn\u0119trznymi. Creme Contour des Yeux Biosensible to tak\u017ce doskona\u0142y krem na si\u0144ce pod oczami \u2013 redukuje cienie, przywracaj\u0105c blask spojrzeniu. Usprawnia mikrokr\u0105\u017cenie, zmniejszaj\u0105c opuchni\u0119cia i worki pod oczami. Wyg\u0142adza drobne zmarszczki spowodowane odwodnieniem lub przesuszeniem.<\/p>\n","protected":false},"featured_media":592,"template":"","meta":[],"product_brand":[],"product_cat":[24],"product_tag":[],"class_list":{"0":"post-538","1":"product","2":"type-product","3":"status-publish","4":"has-post-thumbnail","6":"product_cat-krem-pod-oczy","8":"first","9":"onbackorder","10":"shipping-taxable","11":"purchasable","12":"product-type-simple"},"_links":{"self":[{"href":"https:\/\/lalka.spa\/index.php\/wp-json\/wp\/v2\/product\/538","targetHints":{"allow":["GET"]}}],"collection":[{"href":"https:\/\/lalka.spa\/index.php\/wp-json\/wp\/v2\/product"}],"about":[{"href":"https:\/\/lalka.spa\/index.php\/wp-json\/wp\/v2\/types\/product"}],"wp:featuredmedia":[{"embeddable":true,"href":"https:\/\/lalka.spa\/index.php\/wp-json\/wp\/v2\/media\/592"}],"wp:attachment":[{"href":"https:\/\/lalka.spa\/index.php\/wp-json\/wp\/v2\/media?parent=538"}],"wp:term":[{"taxonomy":"product_brand","embeddable":true,"href":"https:\/\/lalka.spa\/index.php\/wp-json\/wp\/v2\/product_brand?post=538"},{"taxonomy":"product_cat","embeddable":true,"href":"https:\/\/lalka.spa\/index.php\/wp-json\/wp\/v2\/product_cat?post=538"},{"taxonomy":"product_tag","embeddable":true,"href":"https:\/\/lalka.spa\/index.php\/wp-json\/wp\/v2\/product_tag?post=538"}],"curies":[{"name":"wp","href":"https:\/\/api.w.org\/{rel}","templated":true}]}}