{"id":517,"date":"2025-02-25T03:14:02","date_gmt":"2025-02-25T02:14:02","guid":{"rendered":"https:\/\/lalka.spa\/?post_type=product&#038;p=517"},"modified":"2025-02-25T03:15:56","modified_gmt":"2025-02-25T02:15:56","slug":"serum-dermopore-30ml","status":"publish","type":"product","link":"https:\/\/lalka.spa\/index.php\/product\/serum-dermopore-30ml\/","title":{"rendered":"Serum Dermopore 30ml"},"content":{"rendered":"<h3>Sk\u0142adniki aktywne<\/h3>\n<h5>zamykaj\u0105ce pory<\/h5>\n<ul>\n<li>wyci\u0105g z herbaty jawajskiej<\/li>\n<\/ul>\n<h3>Jak stosowa\u0107?<\/h3>\n<p>Wybrane partie twarzy raz dziennie.<br \/>\nOdmierz strzykawk\u0105 0,3 cm3 S\u00e9rum Dermopore z butelki. Na\u0142\u00f3\u017c na oczyszczon\u0105 sk\u00f3r\u0119 twarzy, lekko masuj\u0105c ku g\u00f3rze, a\u017c do momentu ca\u0142kowitego wch\u0142oni\u0119cia produktu.<\/p>\n","protected":false},"excerpt":{"rendered":"<p>Pojemno\u015b\u0107 &#8211; 30 ml<\/p>\n<p>Serum Dermopore to serum na rozszerzone pory natychmiast je zamyka, redukuje \u0142ojotok, delikatnie napina i od\u015bwie\u017ca.<\/p>\n<h3>Dzia\u0142anie<\/h3>\n<p>Serum Dermopore zawiera innowacyjny, wysoko st\u0119\u017cony wyci\u0105g z herbaty jawajskiej, kt\u00f3ry nie tylko natychmiast zamyka rozszerzone pory, lecz tak\u017ce redukuje \u0142ojotok, delikatnie napina oraz od\u015bwie\u017ca sk\u00f3r\u0119. Serum na rozszerzone pory Dermopore pomaga zachowa\u0107 \u015bwie\u017co wygl\u0105daj\u0105c\u0105 cer\u0119 przez ca\u0142y dzie\u0144. Idealne pod makija\u017c.<\/p>\n","protected":false},"featured_media":571,"template":"","meta":[],"product_brand":[],"product_cat":[20],"product_tag":[],"class_list":{"0":"post-517","1":"product","2":"type-product","3":"status-publish","4":"has-post-thumbnail","6":"product_cat-serum","8":"first","9":"onbackorder","10":"shipping-taxable","11":"purchasable","12":"product-type-simple"},"_links":{"self":[{"href":"https:\/\/lalka.spa\/index.php\/wp-json\/wp\/v2\/product\/517","targetHints":{"allow":["GET"]}}],"collection":[{"href":"https:\/\/lalka.spa\/index.php\/wp-json\/wp\/v2\/product"}],"about":[{"href":"https:\/\/lalka.spa\/index.php\/wp-json\/wp\/v2\/types\/product"}],"wp:featuredmedia":[{"embeddable":true,"href":"https:\/\/lalka.spa\/index.php\/wp-json\/wp\/v2\/media\/571"}],"wp:attachment":[{"href":"https:\/\/lalka.spa\/index.php\/wp-json\/wp\/v2\/media?parent=517"}],"wp:term":[{"taxonomy":"product_brand","embeddable":true,"href":"https:\/\/lalka.spa\/index.php\/wp-json\/wp\/v2\/product_brand?post=517"},{"taxonomy":"product_cat","embeddable":true,"href":"https:\/\/lalka.spa\/index.php\/wp-json\/wp\/v2\/product_cat?post=517"},{"taxonomy":"product_tag","embeddable":true,"href":"https:\/\/lalka.spa\/index.php\/wp-json\/wp\/v2\/product_tag?post=517"}],"curies":[{"name":"wp","href":"https:\/\/api.w.org\/{rel}","templated":true}]}}