{"id":512,"date":"2025-02-25T03:14:00","date_gmt":"2025-02-25T02:14:00","guid":{"rendered":"https:\/\/lalka.spa\/?post_type=product&#038;p=512"},"modified":"2025-02-25T03:15:37","modified_gmt":"2025-02-25T02:15:37","slug":"serum-oligo-proteines-marines-30ml","status":"publish","type":"product","link":"https:\/\/lalka.spa\/index.php\/product\/serum-oligo-proteines-marines-30ml\/","title":{"rendered":"Serum Oligo-Proteines Marines 30ml"},"content":{"rendered":"<h3>Sk\u0142adniki aktywne<\/h3>\n<h5>drenuj\u0105ce i rozja\u015bniaj\u0105ce<\/h5>\n<ul>\n<li>wyci\u0105g z alg Laminaria, wyci\u0105g z glinki zielonej<\/li>\n<\/ul>\n<h3>Jak stosowa\u0107?<\/h3>\n<p>Twarz, szyja i dekolt raz dziennie. Okolice oczu raz lub dwa razy w tygodniu.<br \/>\nOdmierz strzykawk\u0105 1 cm3 S\u00e9rum Oligo-Proteines Marines z butelki. Na\u0142\u00f3\u017c na oczyszczon\u0105 sk\u00f3r\u0119 twarzy, szyj\u0119 i dekolt, lekko masuj\u0105c ku g\u00f3rze, a\u017c do momentu ca\u0142kowitego wch\u0142oni\u0119cia produktu.<\/p>\n","protected":false},"excerpt":{"rendered":"<p>Pojemno\u015b\u0107 &#8211; 30ml<\/p>\n<p>Serum Oligo-Proteines Marines to serum energetyzuj\u0105ce i rozja\u015bniaj\u0105ce. Drenuj\u0105ce serum algowe detoksykuje, rozja\u015bnia cienie pod oczami oraz koloryt sk\u00f3ry twarzy, idealne dla palaczy.<\/p>\n<h3>Dzia\u0142anie<\/h3>\n<p>Drenuj\u0105ce serum do sk\u00f3ry szarej, zm\u0119czonej, zestresowanej. Rozja\u015bnia, ujednolica koloryt oraz dodaje energii dzi\u0119ki aktywnym wyci\u0105gom z alg oraz zielonej glinki bogatej w cynk. Idealne serum na cienie pod oczami, worki, opuchni\u0119cia. Doskona\u0142e dla palaczy oraz os\u00f3b cz\u0119sto podr\u00f3\u017cuj\u0105cych, zmieniaj\u0105cych strefy czasowe b\u0105d\u017a prowadz\u0105cych nieregularny tryb \u017cycia.<\/p>\n","protected":false},"featured_media":566,"template":"","meta":[],"product_brand":[],"product_cat":[20],"product_tag":[],"class_list":{"0":"post-512","1":"product","2":"type-product","3":"status-publish","4":"has-post-thumbnail","6":"product_cat-serum","8":"first","9":"outofstock","10":"shipping-taxable","11":"purchasable","12":"product-type-simple"},"_links":{"self":[{"href":"https:\/\/lalka.spa\/index.php\/wp-json\/wp\/v2\/product\/512","targetHints":{"allow":["GET"]}}],"collection":[{"href":"https:\/\/lalka.spa\/index.php\/wp-json\/wp\/v2\/product"}],"about":[{"href":"https:\/\/lalka.spa\/index.php\/wp-json\/wp\/v2\/types\/product"}],"wp:featuredmedia":[{"embeddable":true,"href":"https:\/\/lalka.spa\/index.php\/wp-json\/wp\/v2\/media\/566"}],"wp:attachment":[{"href":"https:\/\/lalka.spa\/index.php\/wp-json\/wp\/v2\/media?parent=512"}],"wp:term":[{"taxonomy":"product_brand","embeddable":true,"href":"https:\/\/lalka.spa\/index.php\/wp-json\/wp\/v2\/product_brand?post=512"},{"taxonomy":"product_cat","embeddable":true,"href":"https:\/\/lalka.spa\/index.php\/wp-json\/wp\/v2\/product_cat?post=512"},{"taxonomy":"product_tag","embeddable":true,"href":"https:\/\/lalka.spa\/index.php\/wp-json\/wp\/v2\/product_tag?post=512"}],"curies":[{"name":"wp","href":"https:\/\/api.w.org\/{rel}","templated":true}]}}