{"id":490,"date":"2025-02-25T03:13:34","date_gmt":"2025-02-25T02:13:34","guid":{"rendered":"https:\/\/lalka.spa\/?post_type=product&#038;p=490"},"modified":"2025-02-25T03:14:33","modified_gmt":"2025-02-25T02:14:33","slug":"gel-adn-silkgen","status":"publish","type":"product","link":"https:\/\/lalka.spa\/index.php\/product\/gel-adn-silkgen\/","title":{"rendered":"Gel ADN Silkgen"},"content":{"rendered":"<h3>Sk\u0142adniki aktywne<\/h3>\n<h5>wype\u0142niaj\u0105ce i wyg\u0142adzaj\u0105ce<\/h5>\n<ul>\n<li>proteiny jedwabiu<\/li>\n<\/ul>\n<h5>regeneruj\u0105ce i przeciwstarzeniowe<\/h5>\n<ul>\n<li>wyci\u0105g z \u017cywych dro\u017cd\u017cy, wyci\u0105g z brzozy, wyci\u0105g<\/li>\n<\/ul>\n<h3>Jak stosowa\u0107?<\/h3>\n<p>Twarz i okolice oczu, szyja i dekolt dwa razy dziennie. Niewielk\u0105 ilo\u015b\u0107 kremu na\u0142\u00f3\u017c na sk\u00f3r\u0119 ruchami od do\u0142u do g\u00f3ry.<\/p>\n<p>Intensywna kuracja<br \/>\nStosuj rano i wieczorem przez miesi\u0105c.<\/p>\n<p>Prewencyjna kuracja przeciwstarzeniowa<br \/>\nStosuj 1\u20132 razy w tygodniu.<\/p>\n","protected":false},"excerpt":{"rendered":"<p>Pojemno\u015b\u0107 &#8211; 50ml<\/p>\n<p>Gel ADN Silkgen to intensywny \u017cel wype\u0142niaj\u0105cy natychmiast wyg\u0142adza zmarszczki, idealny w piel\u0119gnacji anti-aging okolic oczu i ust.<\/p>\n<h3>Dzia\u0142anie<\/h3>\n<p>Lekki \u017cel wype\u0142niaj\u0105cy do twarzy, kt\u00f3rego dzia\u0142anie oparte jest o odnawiaj\u0105ce proteiny jedwabiu oraz ro\u015blinne DNA. Napina sk\u00f3r\u0119, intensywnie j\u0105 nawil\u017ca, chroni, zapobiegaj\u0105c ucieczce wody i jednocze\u015bnie zmi\u0119kcza sk\u00f3r\u0119, sprawiaj\u0105c, \u017ce staje si\u0119 jedwabi\u015bcie mi\u0119kka i g\u0142adka. Gel ADN Silkgen doskonale od\u015bwie\u017ca i rozja\u015bnia sk\u00f3r\u0119, b\u0119d\u0105c idealnym produktem dla os\u00f3b, kt\u00f3re cz\u0119sto podr\u00f3\u017cuj\u0105, przebywaj\u0105 w trudnym klimacie.<\/p>\n<p>Idealnie sprawdza si\u0119 tak\u017ce jako piel\u0119gnacja po zabiegach chirurgii plastycznej i estetycznej.<\/p>\n","protected":false},"featured_media":531,"template":"","meta":[],"product_brand":[],"product_cat":[23],"product_tag":[],"class_list":{"0":"post-490","1":"product","2":"type-product","3":"status-publish","4":"has-post-thumbnail","6":"product_cat-krem","8":"first","9":"onbackorder","10":"shipping-taxable","11":"purchasable","12":"product-type-simple"},"_links":{"self":[{"href":"https:\/\/lalka.spa\/index.php\/wp-json\/wp\/v2\/product\/490","targetHints":{"allow":["GET"]}}],"collection":[{"href":"https:\/\/lalka.spa\/index.php\/wp-json\/wp\/v2\/product"}],"about":[{"href":"https:\/\/lalka.spa\/index.php\/wp-json\/wp\/v2\/types\/product"}],"wp:featuredmedia":[{"embeddable":true,"href":"https:\/\/lalka.spa\/index.php\/wp-json\/wp\/v2\/media\/531"}],"wp:attachment":[{"href":"https:\/\/lalka.spa\/index.php\/wp-json\/wp\/v2\/media?parent=490"}],"wp:term":[{"taxonomy":"product_brand","embeddable":true,"href":"https:\/\/lalka.spa\/index.php\/wp-json\/wp\/v2\/product_brand?post=490"},{"taxonomy":"product_cat","embeddable":true,"href":"https:\/\/lalka.spa\/index.php\/wp-json\/wp\/v2\/product_cat?post=490"},{"taxonomy":"product_tag","embeddable":true,"href":"https:\/\/lalka.spa\/index.php\/wp-json\/wp\/v2\/product_tag?post=490"}],"curies":[{"name":"wp","href":"https:\/\/api.w.org\/{rel}","templated":true}]}}