{"id":484,"date":"2025-02-25T03:13:33","date_gmt":"2025-02-25T02:13:33","guid":{"rendered":"https:\/\/lalka.spa\/?post_type=product&#038;p=484"},"modified":"2025-02-25T03:14:10","modified_gmt":"2025-02-25T02:14:10","slug":"creme-biofixine","status":"publish","type":"product","link":"https:\/\/lalka.spa\/index.php\/product\/creme-biofixine\/","title":{"rendered":"Creme Biofixine"},"content":{"rendered":"<h3>Sk\u0142adniki aktywne<\/h3>\n<h5>przeciwzmarszczkowe i wype\u0142niaj\u0105ce<\/h5>\n<ul>\n<li>peptyd miorelaksacyjny, wyci\u0105g z rukwi wodnej<\/li>\n<\/ul>\n<h5>stymuluj\u0105ce<\/h5>\n<ul>\n<li>wyci\u0105g z orzecha w\u0142oskiego, Kompleks Dotleniaj\u0105cy BR<\/li>\n<\/ul>\n<h5>antyoksydacyjne<\/h5>\n<ul>\n<li>olej z winogron, wyci\u0105g z any\u017cu, wyci\u0105g z szarotki alpejskiej<\/li>\n<\/ul>\n<h3>Jak stosowa\u0107?<\/h3>\n<p>Twarz, szyja i dekolt dwa razy dziennie.<br \/>\nPo zastosowaniu odpowiedniego dla Twojej sk\u00f3ry Lotionu z serii P50 niewielk\u0105 ilo\u015b\u0107 kremu na\u0142\u00f3\u017c na sk\u00f3r\u0119 ruchami od do\u0142u do g\u00f3ry.<\/p>\n","protected":false},"excerpt":{"rendered":"<p>Pojemno\u015b\u0107 &#8211; 50ml<\/p>\n<p>Creme Biofixine to doskona\u0142y wype\u0142niaj\u0105cy krem na zmarszczki mimiczne wyg\u0142adza i g\u0142\u0119boko nawil\u017ca, przywraca cerze zdrowy blask.<\/p>\n<h3>Dzia\u0142anie<\/h3>\n<p>Wyj\u0105tkowy krem do sk\u00f3ry 30+ kt\u00f3ry skutecznie wype\u0142nia zmarszczki mimiczne, redukuj\u0105c pierwsze oznaki starzenia. Przywraca mi\u0119kko\u015b\u0107 i elastyczno\u015b\u0107, nawil\u017ca oraz intensywnie wyg\u0142adza. Idealna piel\u0119gnacja anti-aging okolic oczu i ust, kt\u00f3ra aktywnie wp\u0142ywa na optymalizacj\u0119 syntezy w\u0142\u00f3kien elastynowych i kolagenowych podtrzymuj\u0105cych sk\u00f3r\u0119, dzi\u0119ki czemu pomaga zachowa\u0107 m\u0142ody wygl\u0105d na d\u0142u\u017cej. Jednocze\u015bnie, dzi\u0119ki takim sk\u0142adnikom aktywnym jak rukiew wodna i any\u017c, kt\u00f3re rozlu\u017aniaj\u0105 mikronapr\u0119\u017cenia mi\u0119\u015bni, przeciwdzia\u0142a utrwalaniu si\u0119 zmarszczek mimicznych, odpr\u0119\u017caj\u0105c sk\u00f3r\u0119 i silnie j\u0105 wyg\u0142adzaj\u0105c.<\/p>\n","protected":false},"featured_media":519,"template":"","meta":[],"product_brand":[],"product_cat":[23],"product_tag":[],"class_list":{"0":"post-484","1":"product","2":"type-product","3":"status-publish","4":"has-post-thumbnail","6":"product_cat-krem","8":"first","9":"instock","10":"shipping-taxable","11":"purchasable","12":"product-type-simple"},"_links":{"self":[{"href":"https:\/\/lalka.spa\/index.php\/wp-json\/wp\/v2\/product\/484","targetHints":{"allow":["GET"]}}],"collection":[{"href":"https:\/\/lalka.spa\/index.php\/wp-json\/wp\/v2\/product"}],"about":[{"href":"https:\/\/lalka.spa\/index.php\/wp-json\/wp\/v2\/types\/product"}],"wp:featuredmedia":[{"embeddable":true,"href":"https:\/\/lalka.spa\/index.php\/wp-json\/wp\/v2\/media\/519"}],"wp:attachment":[{"href":"https:\/\/lalka.spa\/index.php\/wp-json\/wp\/v2\/media?parent=484"}],"wp:term":[{"taxonomy":"product_brand","embeddable":true,"href":"https:\/\/lalka.spa\/index.php\/wp-json\/wp\/v2\/product_brand?post=484"},{"taxonomy":"product_cat","embeddable":true,"href":"https:\/\/lalka.spa\/index.php\/wp-json\/wp\/v2\/product_cat?post=484"},{"taxonomy":"product_tag","embeddable":true,"href":"https:\/\/lalka.spa\/index.php\/wp-json\/wp\/v2\/product_tag?post=484"}],"curies":[{"name":"wp","href":"https:\/\/api.w.org\/{rel}","templated":true}]}}