{"id":474,"date":"2025-02-25T03:13:24","date_gmt":"2025-02-25T02:13:24","guid":{"rendered":"https:\/\/lalka.spa\/?post_type=product&#038;p=474"},"modified":"2025-02-25T03:13:31","modified_gmt":"2025-02-25T02:13:31","slug":"fluide-vip-o2-8-ml","status":"publish","type":"product","link":"https:\/\/lalka.spa\/index.php\/product\/fluide-vip-o2-8-ml\/","title":{"rendered":"Fluide VIP O2 8 ml"},"content":{"rendered":"<h3>Sk\u0142adniki aktywne<\/h3>\n<h5>antyoksydacyjne<\/h5>\n<ul>\n<li>wyci\u0105g z bia\u0142ej herbaty, wyci\u0105g z orzecha w\u0142oskiego<\/li>\n<\/ul>\n<h5>dotleniaj\u0105ce<\/h5>\n<ul>\n<li>kompleks dotleniaj\u0105cy BR, wyci\u0105g z dro\u017cd\u017cy<\/li>\n<\/ul>\n<h5>ochronne<\/h5>\n<ul>\n<li>polisacharyd ochronny<\/li>\n<\/ul>\n<h3>Jak stosowa\u0107?<\/h3>\n<p>Zaaplikuj kilka kropli eliksiru na ca\u0142\u0105 twarz, szyj\u0119 i dekolt codziennie rano i\/lub wieczorem. Aplikuj po na\u0142o\u017ceniu kremu. Je\u015bli zamiast strzykawki u\u017cywasz do\u0142\u0105czonego do serum aplikatora, zu\u017cyj serum w ci\u0105gu 7 dni od otwarcia.<\/p>\n","protected":false},"excerpt":{"rendered":"<p>Pojemno\u015b\u0107 &#8211; 8 ml<\/p>\n<p>Fluide VIP O2 to intensywny eliksir z kwasem hialuronowym. Dotleniaj\u0105cy, rozja\u015bniaj\u0105cy sk\u00f3r\u0119 i cienie. Ujednolica koloryt, zw\u0119\u017ca pory oraz napina wiotk\u0105 sk\u00f3r\u0119.<\/p>\n<h3>Dzia\u0142anie<\/h3>\n<p>Intensywny eliksir dotleniaj\u0105cy do sk\u00f3ry zm\u0119czonej, zestresowanej, poszarza\u0142ej. Rozja\u015bnia sk\u00f3r\u0119 i cienie pod oczami oraz ujednolica koloryt, dzi\u0119ki zawartej w eliksirze perfluorodekalinie, kt\u00f3ra jest doskona\u0142ym no\u015bnikiem tlenu. Fluide VIP O2 \u015bci\u0105ga pory, wyg\u0142adza i delikatnie napina wiotk\u0105 sk\u00f3r\u0119. Kwas hialuronowy delikatnie wype\u0142nia zmarszczki i nawil\u017ca. Fluide VIP O2, nazywany te\u017c eliksirem Cityzen, jest idealnym kosmetykiem dla os\u00f3b \u017cyj\u0105cych w biegu, w du\u017cych miastach, w stresie.<\/p>\n","protected":false},"featured_media":307,"template":"","meta":[],"product_brand":[],"product_cat":[22],"product_tag":[],"class_list":{"0":"post-474","1":"product","2":"type-product","3":"status-publish","4":"has-post-thumbnail","6":"product_cat-eliksir","8":"first","9":"instock","10":"shipping-taxable","11":"purchasable","12":"product-type-simple"},"_links":{"self":[{"href":"https:\/\/lalka.spa\/index.php\/wp-json\/wp\/v2\/product\/474","targetHints":{"allow":["GET"]}}],"collection":[{"href":"https:\/\/lalka.spa\/index.php\/wp-json\/wp\/v2\/product"}],"about":[{"href":"https:\/\/lalka.spa\/index.php\/wp-json\/wp\/v2\/types\/product"}],"wp:featuredmedia":[{"embeddable":true,"href":"https:\/\/lalka.spa\/index.php\/wp-json\/wp\/v2\/media\/307"}],"wp:attachment":[{"href":"https:\/\/lalka.spa\/index.php\/wp-json\/wp\/v2\/media?parent=474"}],"wp:term":[{"taxonomy":"product_brand","embeddable":true,"href":"https:\/\/lalka.spa\/index.php\/wp-json\/wp\/v2\/product_brand?post=474"},{"taxonomy":"product_cat","embeddable":true,"href":"https:\/\/lalka.spa\/index.php\/wp-json\/wp\/v2\/product_cat?post=474"},{"taxonomy":"product_tag","embeddable":true,"href":"https:\/\/lalka.spa\/index.php\/wp-json\/wp\/v2\/product_tag?post=474"}],"curies":[{"name":"wp","href":"https:\/\/api.w.org\/{rel}","templated":true}]}}