{"id":456,"date":"2025-02-25T03:13:21","date_gmt":"2025-02-25T02:13:21","guid":{"rendered":"https:\/\/lalka.spa\/?post_type=product&#038;p=456"},"modified":"2025-02-25T03:13:26","modified_gmt":"2025-02-25T02:13:26","slug":"lait-u-150ml","status":"publish","type":"product","link":"https:\/\/lalka.spa\/index.php\/product\/lait-u-150ml\/","title":{"rendered":"Lait U 150ml"},"content":{"rendered":"<h3>Sk\u0142adniki aktywne<\/h3>\n<h5>oczyszczaj\u0105ce i napinaj\u0105ce<\/h5>\n<ul>\n<li>wyci\u0105g z owsa, olej z orzech\u00f3w laskowych (kwas oleinowy, wap\u0144, wit. A, E)<\/li>\n<\/ul>\n<h5>wyg\u0142adzaj\u0105ce i zmi\u0119kczaj\u0105ce<\/h5>\n<ul>\n<li>olejek ze s\u0142odkich migda\u0142\u00f3w<\/li>\n<\/ul>\n<h5>przywracaj\u0105ce r\u00f3wnowag\u0119 hydrolipidow\u0105<\/h5>\n<ul>\n<li>olej z kie\u0142k\u00f3w pszenicy, skwalan<\/li>\n<\/ul>\n<h3>Jak stosowa\u0107?<\/h3>\n<p>Twarz, szyja i dekolt dwa razy dziennie.<br \/>\nNa\u0142\u00f3\u017c niewielk\u0105 ilo\u015b\u0107 Lait U na twarz, szyj\u0119 i dekolt i masuj kolistymi ruchami. Usu\u0144 wilgotnym wacikiem b\u0105d\u017a delikatn\u0105 g\u0105bk\u0105 do twarzy. W razie potrzeby powt\u00f3rz i osusz sk\u00f3r\u0119 papierow\u0105 chusteczk\u0105.<\/p>\n","protected":false},"excerpt":{"rendered":"<p>Pojemno\u015b\u0107 &#8211; 150ml<\/p>\n<p>Lait U to lekkie mleczko ro\u015blinne do demakija\u017cu sk\u00f3ry mieszanej i t\u0142ustej. Usuwa makija\u017c, oczyszcza, od\u015bwie\u017ca i nawil\u017ca sk\u00f3r\u0119.<\/p>\n<h3>Dzia\u0142anie<\/h3>\n<p>Delikatnie usuwa makija\u017c oraz zanieczyszczenia, dzi\u0119ki zawarto\u015bci biologicznych olejk\u00f3w ro\u015blinnych.\u00a0Oczyszcza sk\u00f3r\u0119 bez wysuszania\u00a0\u2013 to nie tylko mleczko oczyszczaj\u0105ce, lecz tak\u017ce nawil\u017caj\u0105ce i pozostawiaj\u0105ce na sk\u00f3rze cienk\u0105 barier\u0119 hydrolipidow\u0105. Ma lekk\u0105 konsystencj\u0119, kt\u00f3ra nie pozostawia t\u0142ustej warstwy i pozwala od\u015bwie\u017conej sk\u00f3rze swobodnie oddycha\u0107.<\/p>\n","protected":false},"featured_media":267,"template":"","meta":[],"product_brand":[],"product_cat":[19],"product_tag":[],"class_list":{"0":"post-456","1":"product","2":"type-product","3":"status-publish","4":"has-post-thumbnail","6":"product_cat-demakijaz","8":"first","9":"outofstock","10":"shipping-taxable","11":"purchasable","12":"product-type-simple"},"_links":{"self":[{"href":"https:\/\/lalka.spa\/index.php\/wp-json\/wp\/v2\/product\/456","targetHints":{"allow":["GET"]}}],"collection":[{"href":"https:\/\/lalka.spa\/index.php\/wp-json\/wp\/v2\/product"}],"about":[{"href":"https:\/\/lalka.spa\/index.php\/wp-json\/wp\/v2\/types\/product"}],"wp:featuredmedia":[{"embeddable":true,"href":"https:\/\/lalka.spa\/index.php\/wp-json\/wp\/v2\/media\/267"}],"wp:attachment":[{"href":"https:\/\/lalka.spa\/index.php\/wp-json\/wp\/v2\/media?parent=456"}],"wp:term":[{"taxonomy":"product_brand","embeddable":true,"href":"https:\/\/lalka.spa\/index.php\/wp-json\/wp\/v2\/product_brand?post=456"},{"taxonomy":"product_cat","embeddable":true,"href":"https:\/\/lalka.spa\/index.php\/wp-json\/wp\/v2\/product_cat?post=456"},{"taxonomy":"product_tag","embeddable":true,"href":"https:\/\/lalka.spa\/index.php\/wp-json\/wp\/v2\/product_tag?post=456"}],"curies":[{"name":"wp","href":"https:\/\/api.w.org\/{rel}","templated":true}]}}